{"id":2905,"date":"2022-04-18T11:39:06","date_gmt":"2022-04-18T15:39:06","guid":{"rendered":"https:\/\/manoirdeperce.com\/contest\/"},"modified":"2022-04-20T10:08:43","modified_gmt":"2022-04-20T14:08:43","slug":"contest","status":"publish","type":"page","link":"https:\/\/manoirdeperce.com\/en\/contest\/","title":{"rendered":"Contest"},"content":{"rendered":"\t\t<div data-elementor-type=\"wp-page\" data-elementor-id=\"2905\" class=\"elementor elementor-2905 elementor-2867\" data-elementor-post-type=\"page\">\n\t\t\t\t\t\t<section class=\"has_eae_slider elementor-section elementor-top-section elementor-element elementor-element-f6669b2 elementor-section-boxed elementor-section-height-default elementor-section-height-default\" data-eae-slider=\"18536\" data-id=\"f6669b2\" data-element_type=\"section\">\n\t\t\t\t\t\t<div class=\"elementor-container elementor-column-gap-default\">\n\t\t\t\t\t<div class=\"has_eae_slider elementor-column elementor-col-100 elementor-top-column elementor-element elementor-element-9822c05\" data-eae-slider=\"16778\" data-id=\"9822c05\" data-element_type=\"column\">\n\t\t\t<div class=\"elementor-widget-wrap\">\n\t\t\t\t\t\t\t<\/div>\n\t\t<\/div>\n\t\t\t\t\t<\/div>\n\t\t<\/section>\n\t\t\t\t<section class=\"has_eae_slider elementor-section elementor-top-section elementor-element elementor-element-2c40c252 elementor-section-content-middle elementor-section-boxed elementor-section-height-default elementor-section-height-default\" data-eae-slider=\"36139\" data-id=\"2c40c252\" data-element_type=\"section\" data-settings=\"{&quot;background_background&quot;:&quot;classic&quot;,&quot;shape_divider_bottom&quot;:&quot;triangle&quot;}\">\n\t\t\t\t\t\t\t<div class=\"elementor-background-overlay\"><\/div>\n\t\t\t\t\t\t<div class=\"elementor-shape elementor-shape-bottom\" aria-hidden=\"true\" data-negative=\"false\">\n\t\t\t<svg xmlns=\"http:\/\/www.w3.org\/2000\/svg\" viewBox=\"0 0 1000 100\" preserveAspectRatio=\"none\">\n\t<path class=\"elementor-shape-fill\" d=\"M500,98.9L0,6.1V0h1000v6.1L500,98.9z\"\/>\n<\/svg>\t\t<\/div>\n\t\t\t\t\t<div class=\"elementor-container elementor-column-gap-extended\">\n\t\t\t\t\t<div class=\"has_eae_slider elementor-column elementor-col-100 elementor-top-column elementor-element elementor-element-4b5a461c\" data-eae-slider=\"6857\" data-id=\"4b5a461c\" data-element_type=\"column\">\n\t\t\t<div class=\"elementor-widget-wrap elementor-element-populated\">\n\t\t\t\t\t\t<div class=\"elementor-element elementor-element-3044c83 elementor-widget elementor-widget-image\" data-id=\"3044c83\" data-element_type=\"widget\" data-widget_type=\"image.default\">\n\t\t\t\t<div class=\"elementor-widget-container\">\n\t\t\t\t\t\t\t\t\t\t\t\t\t\t\t<img fetchpriority=\"high\" decoding=\"async\" width=\"1500\" height=\"811\" src=\"https:\/\/manoirdeperce.com\/wp-content\/uploads\/2022\/04\/contest222.jpg\" class=\"attachment-full size-full wp-image-3003\" alt=\"\" srcset=\"https:\/\/manoirdeperce.com\/wp-content\/uploads\/2022\/04\/contest222.jpg 1500w, https:\/\/manoirdeperce.com\/wp-content\/uploads\/2022\/04\/contest222-300x162.jpg 300w, https:\/\/manoirdeperce.com\/wp-content\/uploads\/2022\/04\/contest222-1024x554.jpg 1024w, https:\/\/manoirdeperce.com\/wp-content\/uploads\/2022\/04\/contest222-768x415.jpg 768w\" sizes=\"(max-width: 1500px) 100vw, 1500px\" \/>\t\t\t\t\t\t\t\t\t\t\t\t\t\t\t<\/div>\n\t\t\t\t<\/div>\n\t\t\t\t\t<\/div>\n\t\t<\/div>\n\t\t\t\t\t<\/div>\n\t\t<\/section>\n\t\t\t\t<section class=\"has_eae_slider elementor-section elementor-top-section elementor-element elementor-element-43737b46 elementor-section-content-middle elementor-section-boxed elementor-section-height-default elementor-section-height-default\" data-eae-slider=\"46431\" data-id=\"43737b46\" data-element_type=\"section\" data-settings=\"{&quot;background_background&quot;:&quot;classic&quot;}\">\n\t\t\t\t\t\t<div class=\"elementor-container elementor-column-gap-default\">\n\t\t\t\t\t<div class=\"has_eae_slider elementor-column elementor-col-100 elementor-top-column elementor-element elementor-element-46b29e47\" data-eae-slider=\"13259\" data-id=\"46b29e47\" data-element_type=\"column\">\n\t\t\t<div class=\"elementor-widget-wrap elementor-element-populated\">\n\t\t\t\t\t\t<div class=\"elementor-element elementor-element-ca03f30 elementor-widget elementor-widget-heading\" data-id=\"ca03f30\" data-element_type=\"widget\" data-widget_type=\"heading.default\">\n\t\t\t\t<div class=\"elementor-widget-container\">\n\t\t\t\t\t<h2 class=\"elementor-heading-title elementor-size-default\">What you could win\n<\/h2>\t\t\t\t<\/div>\n\t\t\t\t<\/div>\n\t\t\t\t<div class=\"elementor-element elementor-element-700dd4fa elementor-widget elementor-widget-image\" data-id=\"700dd4fa\" data-element_type=\"widget\" data-widget_type=\"image.default\">\n\t\t\t\t<div class=\"elementor-widget-container\">\n\t\t\t\t\t\t\t\t\t\t\t\t\t\t\t<img decoding=\"async\" width=\"200\" height=\"35\" src=\"https:\/\/manoirdeperce.com\/wp-content\/uploads\/2021\/03\/divider-free-img-1.png\" class=\"attachment-full size-full wp-image-1955\" alt=\"\" \/>\t\t\t\t\t\t\t\t\t\t\t\t\t\t\t<\/div>\n\t\t\t\t<\/div>\n\t\t\t\t<div class=\"elementor-element elementor-element-8d4f477 elementor-widget elementor-widget-text-editor\" data-id=\"8d4f477\" data-element_type=\"widget\" data-widget_type=\"text-editor.default\">\n\t\t\t\t<div class=\"elementor-widget-container\">\n\t\t\t\t\t\t\t\t\t<p>A 200$ gift card to spend at Manoir de Perc\u00e9.<\/p>\t\t\t\t\t\t\t\t<\/div>\n\t\t\t\t<\/div>\n\t\t\t\t<div class=\"elementor-element elementor-element-6bb0c8a elementor-align-center elementor-mobile-align-center elementor-widget elementor-widget-button\" data-id=\"6bb0c8a\" data-element_type=\"widget\" data-widget_type=\"button.default\">\n\t\t\t\t<div class=\"elementor-widget-container\">\n\t\t\t\t\t\t\t\t\t<div class=\"elementor-button-wrapper\">\n\t\t\t\t\t<a class=\"elementor-button elementor-button-link elementor-size-md\" href=\"#upload-pic\">\n\t\t\t\t\t\t<span class=\"elementor-button-content-wrapper\">\n\t\t\t\t\t\t\t\t\t<span class=\"elementor-button-text\">Participate<\/span>\n\t\t\t\t\t<\/span>\n\t\t\t\t\t<\/a>\n\t\t\t\t<\/div>\n\t\t\t\t\t\t\t\t<\/div>\n\t\t\t\t<\/div>\n\t\t\t\t<div class=\"elementor-element elementor-element-cbd447d elementor-widget elementor-widget-heading\" data-id=\"cbd447d\" data-element_type=\"widget\" data-widget_type=\"heading.default\">\n\t\t\t\t<div class=\"elementor-widget-container\">\n\t\t\t\t\t<h2 class=\"elementor-heading-title elementor-size-default\">How to participate?\n<\/h2>\t\t\t\t<\/div>\n\t\t\t\t<\/div>\n\t\t\t\t<div class=\"elementor-element elementor-element-b65d287 elementor-widget elementor-widget-image\" data-id=\"b65d287\" data-element_type=\"widget\" data-widget_type=\"image.default\">\n\t\t\t\t<div class=\"elementor-widget-container\">\n\t\t\t\t\t\t\t\t\t\t\t\t\t\t\t<img decoding=\"async\" width=\"200\" height=\"35\" src=\"https:\/\/manoirdeperce.com\/wp-content\/uploads\/2021\/03\/divider-free-img-1.png\" class=\"attachment-full size-full wp-image-1955\" alt=\"\" \/>\t\t\t\t\t\t\t\t\t\t\t\t\t\t\t<\/div>\n\t\t\t\t<\/div>\n\t\t\t\t<div class=\"elementor-element elementor-element-70e8c1ed elementor-widget elementor-widget-text-editor\" data-id=\"70e8c1ed\" data-element_type=\"widget\" data-widget_type=\"text-editor.default\">\n\t\t\t\t<div class=\"elementor-widget-container\">\n\t\t\t\t\t\t\t\t\t<p>Send us your best picture at Manoir de Perc\u00e9.<\/p>\t\t\t\t\t\t\t\t<\/div>\n\t\t\t\t<\/div>\n\t\t\t\t<div class=\"elementor-element elementor-element-8ceab3c elementor-align-center elementor-mobile-align-center elementor-widget elementor-widget-button\" data-id=\"8ceab3c\" data-element_type=\"widget\" data-widget_type=\"button.default\">\n\t\t\t\t<div class=\"elementor-widget-container\">\n\t\t\t\t\t\t\t\t\t<div class=\"elementor-button-wrapper\">\n\t\t\t\t\t<a class=\"elementor-button elementor-button-link elementor-size-md\" href=\"https:\/\/manoirdeperce.com\/contest-rules\/?lang=en\">\n\t\t\t\t\t\t<span class=\"elementor-button-content-wrapper\">\n\t\t\t\t\t\t\t\t\t<span class=\"elementor-button-text\">Check the rules of the contest<\/span>\n\t\t\t\t\t<\/span>\n\t\t\t\t\t<\/a>\n\t\t\t\t<\/div>\n\t\t\t\t\t\t\t\t<\/div>\n\t\t\t\t<\/div>\n\t\t\t\t\t<\/div>\n\t\t<\/div>\n\t\t\t\t\t<\/div>\n\t\t<\/section>\n\t\t\t\t<section class=\"has_eae_slider elementor-section elementor-top-section elementor-element elementor-element-6e2dbcc2 elementor-section-content-middle elementor-section-boxed elementor-section-height-default elementor-section-height-default\" data-eae-slider=\"22010\" data-id=\"6e2dbcc2\" data-element_type=\"section\" id=\"upload-pic\" data-settings=\"{&quot;background_background&quot;:&quot;classic&quot;,&quot;shape_divider_top&quot;:&quot;triangle&quot;}\">\n\t\t\t\t\t\t\t<div class=\"elementor-background-overlay\"><\/div>\n\t\t\t\t\t\t<div class=\"elementor-shape elementor-shape-top\" aria-hidden=\"true\" data-negative=\"false\">\n\t\t\t<svg xmlns=\"http:\/\/www.w3.org\/2000\/svg\" viewBox=\"0 0 1000 100\" preserveAspectRatio=\"none\">\n\t<path class=\"elementor-shape-fill\" d=\"M500,98.9L0,6.1V0h1000v6.1L500,98.9z\"\/>\n<\/svg>\t\t<\/div>\n\t\t\t\t\t<div class=\"elementor-container elementor-column-gap-extended\">\n\t\t\t\t\t<div class=\"has_eae_slider elementor-column elementor-col-100 elementor-top-column elementor-element elementor-element-773dd6d6\" data-eae-slider=\"9767\" data-id=\"773dd6d6\" data-element_type=\"column\">\n\t\t\t<div class=\"elementor-widget-wrap elementor-element-populated\">\n\t\t\t\t\t\t<section class=\"has_eae_slider elementor-section elementor-inner-section elementor-element elementor-element-6ceeb902 elementor-section-content-middle elementor-section-boxed elementor-section-height-default elementor-section-height-default\" data-eae-slider=\"99753\" data-id=\"6ceeb902\" data-element_type=\"section\">\n\t\t\t\t\t\t<div class=\"elementor-container elementor-column-gap-default\">\n\t\t\t\t\t<div class=\"has_eae_slider elementor-column elementor-col-33 elementor-inner-column elementor-element elementor-element-488a1167\" data-eae-slider=\"22392\" data-id=\"488a1167\" data-element_type=\"column\">\n\t\t\t<div class=\"elementor-widget-wrap elementor-element-populated\">\n\t\t\t\t\t\t<div class=\"elementor-element elementor-element-5f63fdd8 elementor-widget-divider--view-line elementor-widget elementor-widget-divider\" data-id=\"5f63fdd8\" data-element_type=\"widget\" data-widget_type=\"divider.default\">\n\t\t\t\t<div class=\"elementor-widget-container\">\n\t\t\t\t\t\t\t<div class=\"elementor-divider\">\n\t\t\t<span class=\"elementor-divider-separator\">\n\t\t\t\t\t\t<\/span>\n\t\t<\/div>\n\t\t\t\t\t\t<\/div>\n\t\t\t\t<\/div>\n\t\t\t\t\t<\/div>\n\t\t<\/div>\n\t\t\t\t<div class=\"has_eae_slider elementor-column elementor-col-33 elementor-inner-column elementor-element elementor-element-50c66772\" data-eae-slider=\"54035\" data-id=\"50c66772\" data-element_type=\"column\" data-settings=\"{&quot;background_background&quot;:&quot;classic&quot;}\">\n\t\t\t<div class=\"elementor-widget-wrap elementor-element-populated\">\n\t\t\t\t\t\t<div class=\"elementor-element elementor-element-37753587 elementor-invisible elementor-widget elementor-widget-heading\" data-id=\"37753587\" data-element_type=\"widget\" data-settings=\"{&quot;_animation&quot;:&quot;fadeInDown&quot;}\" data-widget_type=\"heading.default\">\n\t\t\t\t<div class=\"elementor-widget-container\">\n\t\t\t\t\t<h4 class=\"elementor-heading-title elementor-size-default\">Send us your picture!<\/h4>\t\t\t\t<\/div>\n\t\t\t\t<\/div>\n\t\t\t\t<div class=\"elementor-element elementor-element-831b923 elementor-widget elementor-widget-wpforms\" data-id=\"831b923\" data-element_type=\"widget\" data-widget_type=\"wpforms.default\">\n\t\t\t\t<div class=\"elementor-widget-container\">\n\t\t\t\t\t<div class=\"wpforms-container \" id=\"wpforms-2883\"><form id=\"wpforms-form-2883\" class=\"wpforms-validate wpforms-form wpforms-ajax-form\" data-formid=\"2883\" method=\"post\" enctype=\"multipart\/form-data\" action=\"\/en\/wp-json\/wp\/v2\/pages\/2905?wpforms_form_id=2883\" data-token=\"96c3a0cf4927b85aca689cd512951eee\"><noscript class=\"wpforms-error-noscript\">Please enable JavaScript in your browser to complete this form.<\/noscript><div class=\"wpforms-field-container\"><div id=\"wpforms-2883-field_0-container\" class=\"wpforms-field wpforms-field-name\" data-field-id=\"0\"><label class=\"wpforms-field-label\" for=\"wpforms-2883-field_0\">Full name <span class=\"wpforms-required-label\">*<\/span><\/label><div class=\"wpforms-field-row wpforms-field-large\"><div class=\"wpforms-field-row-block wpforms-first wpforms-one-half\"><input type=\"text\" id=\"wpforms-2883-field_0\" class=\"wpforms-field-name-first wpforms-field-required\" name=\"wpforms[fields][0][first]\" required><label for=\"wpforms-2883-field_0\" class=\"wpforms-field-sublabel after \">First<\/label><\/div><div class=\"wpforms-field-row-block wpforms-one-half\"><input type=\"text\" id=\"wpforms-2883-field_0-last\" class=\"wpforms-field-name-last wpforms-field-required\" name=\"wpforms[fields][0][last]\" required><label for=\"wpforms-2883-field_0-last\" class=\"wpforms-field-sublabel after \">Last<\/label><\/div><\/div><\/div><div id=\"wpforms-2883-field_1-container\" class=\"wpforms-field wpforms-field-email\" data-field-id=\"1\"><label class=\"wpforms-field-label\" for=\"wpforms-2883-field_1\">Email <span class=\"wpforms-required-label\">*<\/span><\/label><input type=\"email\" id=\"wpforms-2883-field_1\" class=\"wpforms-field-large wpforms-field-required\" name=\"wpforms[fields][1]\" required><\/div><div id=\"wpforms-2883-field_3-container\" class=\"wpforms-field wpforms-field-text\" data-field-id=\"3\"><label class=\"wpforms-field-label\" for=\"wpforms-2883-field_3\">Phone number<\/label><input type=\"text\" id=\"wpforms-2883-field_3\" class=\"wpforms-field-large\" name=\"wpforms[fields][3]\" ><\/div><div id=\"wpforms-2883-field_4-container\" class=\"wpforms-field wpforms-field-file-upload\" data-field-id=\"4\"><label class=\"wpforms-field-label\" for=\"wpforms-2883-field_4\">Send picture <span class=\"wpforms-required-label\">*<\/span><\/label><div class=\"wpforms-uploader\"\n\tdata-field-id=\"4\"\n\tdata-form-id=\"2883\"\n\tdata-input-name=\"wpforms_2883_4\"\n\tdata-extensions=\"jpg,jpeg,png\"\n\tdata-max-size=\"5242880\"\n\tdata-max-file-number=\"1\"\n\tdata-post-max-size=\"100663296\"\n    data-max-parallel-uploads=\"4\"\n    data-parallel-uploads=\"true\"\n\tdata-file-chunk-size=\"2097152\">\n\t<div class=\"dz-message\">\n\t\t<svg viewBox=\"0 0 1024 1024\" focusable=\"false\" class=\"\" data-icon=\"inbox\" width=\"50px\" height=\"50px\" fill=\"#B1B1B1\" aria-hidden=\"true\"><path d=\"M885.2 446.3l-.2-.8-112.2-285.1c-5-16.1-19.9-27.2-36.8-27.2H281.2c-17 0-32.1 11.3-36.9 27.6L139.4 443l-.3.7-.2.8c-1.3 4.9-1.7 9.9-1 14.8-.1 1.6-.2 3.2-.2 4.8V830a60.9 60.9 0 0 0 60.8 60.8h627.2c33.5 0 60.8-27.3 60.9-60.8V464.1c0-1.3 0-2.6-.1-3.7.4-4.9 0-9.6-1.3-14.1zm-295.8-43l-.3 15.7c-.8 44.9-31.8 75.1-77.1 75.1-22.1 0-41.1-7.1-54.8-20.6S436 441.2 435.6 419l-.3-15.7H229.5L309 210h399.2l81.7 193.3H589.4zm-375 76.8h157.3c24.3 57.1 76 90.8 140.4 90.8 33.7 0 65-9.4 90.3-27.2 22.2-15.6 39.5-37.4 50.7-63.6h156.5V814H214.4V480.1z\"><\/path><\/svg>\n\t\t<span class=\"modern-title\">\n\t\t\tClick or drag a file to this area to upload.\t\t<\/span>\n\n\t\t\t<\/div>\n<\/div>\n<input type=\"text\" class=\"dropzone-input\"\n\tstyle=\"position:absolute!important;clip:rect(0,0,0,0)!important;height:1px!important;width:1px!important;border:0!important;overflow:hidden!important;padding:0!important;margin:0!important;\"\n\tid=\"wpforms-2883-field_4\"\n\tname=\"wpforms_2883_4\" required>\n<\/div><\/div><div class=\"wpforms-recaptcha-container wpforms-is-recaptcha\" ><div class=\"g-recaptcha\" data-sitekey=\"6Lf2ns4aAAAAAEtnpSuFGpKV0gGR2SAKl5KhkQ_T\" data-size=\"invisible\"><\/div><\/div><div class=\"wpforms-submit-container\" ><input type=\"hidden\" name=\"wpforms[id]\" value=\"2883\"><input type=\"hidden\" name=\"wpforms[author]\" value=\"1\"><button type=\"submit\" name=\"wpforms[submit]\" class=\"wpforms-submit \" id=\"wpforms-submit-2883\" value=\"wpforms-submit\" aria-live=\"assertive\" data-alt-text=\"Sending...\" data-submit-text=\"Send\">Send<\/button><img decoding=\"async\" src=\"https:\/\/manoirdeperce.com\/wp-content\/plugins\/wpforms\/assets\/images\/submit-spin.svg\" class=\"wpforms-submit-spinner\" style=\"display: none;\" width=\"26\" height=\"26\" alt=\"\"><\/div><\/form><\/div>  <!-- .wpforms-container -->\t\t\t\t<\/div>\n\t\t\t\t<\/div>\n\t\t\t\t\t<\/div>\n\t\t<\/div>\n\t\t\t\t<div class=\"has_eae_slider elementor-column elementor-col-33 elementor-inner-column elementor-element elementor-element-70e5ec73\" data-eae-slider=\"20525\" data-id=\"70e5ec73\" data-element_type=\"column\">\n\t\t\t<div class=\"elementor-widget-wrap elementor-element-populated\">\n\t\t\t\t\t\t<div class=\"elementor-element elementor-element-1085ee17 elementor-widget-divider--view-line elementor-widget elementor-widget-divider\" data-id=\"1085ee17\" data-element_type=\"widget\" data-widget_type=\"divider.default\">\n\t\t\t\t<div class=\"elementor-widget-container\">\n\t\t\t\t\t\t\t<div class=\"elementor-divider\">\n\t\t\t<span class=\"elementor-divider-separator\">\n\t\t\t\t\t\t<\/span>\n\t\t<\/div>\n\t\t\t\t\t\t<\/div>\n\t\t\t\t<\/div>\n\t\t\t\t\t<\/div>\n\t\t<\/div>\n\t\t\t\t\t<\/div>\n\t\t<\/section>\n\t\t\t\t\t<\/div>\n\t\t<\/div>\n\t\t\t\t\t<\/div>\n\t\t<\/section>\n\t\t\t\t<\/div>\n\t\t","protected":false},"excerpt":{"rendered":"<p>What you could win A 200$ gift card to spend at Manoir de Perc\u00e9. Participate How to participate? Send us your best picture at Manoir de Perc\u00e9. Check the rules of the contest Send us your picture!<\/p>\n","protected":false},"author":1,"featured_media":0,"parent":0,"menu_order":0,"comment_status":"closed","ping_status":"closed","template":"","meta":{"site-sidebar-layout":"no-sidebar","site-content-layout":"page-builder","ast-global-header-display":"","ast-main-header-display":"","ast-hfb-above-header-display":"","ast-hfb-below-header-display":"","ast-hfb-mobile-header-display":"","site-post-title":"disabled","ast-breadcrumbs-content":"","ast-featured-img":"disabled","footer-sml-layout":"","theme-transparent-header-meta":"","adv-header-id-meta":"","stick-header-meta":"","header-above-stick-meta":"","header-main-stick-meta":"","header-below-stick-meta":"","footnotes":""},"class_list":["post-2905","page","type-page","status-publish","hentry"],"yoast_head":"<!-- This site is optimized with the Yoast SEO plugin v25.4 - https:\/\/yoast.com\/wordpress\/plugins\/seo\/ -->\n<title>Contest - Manoir de perc\u00e9<\/title>\n<meta name=\"robots\" content=\"index, follow, max-snippet:-1, max-image-preview:large, max-video-preview:-1\" \/>\n<link rel=\"canonical\" href=\"https:\/\/manoirdeperce.com\/en\/contest\/\" \/>\n<meta property=\"og:locale\" content=\"en_US\" \/>\n<meta property=\"og:type\" content=\"article\" \/>\n<meta property=\"og:title\" content=\"Contest - Manoir de perc\u00e9\" \/>\n<meta property=\"og:description\" content=\"What you could win A 200$ gift card to spend at Manoir de Perc\u00e9. Participate How to participate? Send us your best picture at Manoir de Perc\u00e9. Check the rules of the contest Send us your picture!\" \/>\n<meta property=\"og:url\" content=\"https:\/\/manoirdeperce.com\/en\/contest\/\" \/>\n<meta property=\"og:site_name\" content=\"Manoir de perc\u00e9\" \/>\n<meta property=\"article:modified_time\" content=\"2022-04-20T14:08:43+00:00\" \/>\n<meta property=\"og:image\" content=\"https:\/\/manoirdeperce.com\/wp-content\/uploads\/2022\/04\/contest222.jpg\" \/>\n<meta name=\"twitter:card\" content=\"summary_large_image\" \/>\n<meta name=\"twitter:label1\" content=\"Est. reading time\" \/>\n\t<meta name=\"twitter:data1\" content=\"2 minutes\" \/>\n<script type=\"application\/ld+json\" class=\"yoast-schema-graph\">{\"@context\":\"https:\/\/schema.org\",\"@graph\":[{\"@type\":\"WebPage\",\"@id\":\"https:\/\/manoirdeperce.com\/en\/contest\/\",\"url\":\"https:\/\/manoirdeperce.com\/en\/contest\/\",\"name\":\"Contest - Manoir de perc\u00e9\",\"isPartOf\":{\"@id\":\"https:\/\/manoirdeperce.com\/en\/#website\"},\"primaryImageOfPage\":{\"@id\":\"https:\/\/manoirdeperce.com\/en\/contest\/#primaryimage\"},\"image\":{\"@id\":\"https:\/\/manoirdeperce.com\/en\/contest\/#primaryimage\"},\"thumbnailUrl\":\"https:\/\/manoirdeperce.com\/wp-content\/uploads\/2022\/04\/contest222.jpg\",\"datePublished\":\"2022-04-18T15:39:06+00:00\",\"dateModified\":\"2022-04-20T14:08:43+00:00\",\"breadcrumb\":{\"@id\":\"https:\/\/manoirdeperce.com\/en\/contest\/#breadcrumb\"},\"inLanguage\":\"en-US\",\"potentialAction\":[{\"@type\":\"ReadAction\",\"target\":[\"https:\/\/manoirdeperce.com\/en\/contest\/\"]}]},{\"@type\":\"ImageObject\",\"inLanguage\":\"en-US\",\"@id\":\"https:\/\/manoirdeperce.com\/en\/contest\/#primaryimage\",\"url\":\"https:\/\/manoirdeperce.com\/wp-content\/uploads\/2022\/04\/contest222.jpg\",\"contentUrl\":\"https:\/\/manoirdeperce.com\/wp-content\/uploads\/2022\/04\/contest222.jpg\"},{\"@type\":\"BreadcrumbList\",\"@id\":\"https:\/\/manoirdeperce.com\/en\/contest\/#breadcrumb\",\"itemListElement\":[{\"@type\":\"ListItem\",\"position\":1,\"name\":\"Accueil\",\"item\":\"https:\/\/manoirdeperce.com\/en\/\"},{\"@type\":\"ListItem\",\"position\":2,\"name\":\"Contest\"}]},{\"@type\":\"WebSite\",\"@id\":\"https:\/\/manoirdeperce.com\/en\/#website\",\"url\":\"https:\/\/manoirdeperce.com\/en\/\",\"name\":\"Manoir de perc\u00e9\",\"description\":\"Vous serez charm\u00e9s par l\u2019accueil de ses chaleureux propri\u00e9taires\",\"publisher\":{\"@id\":\"https:\/\/manoirdeperce.com\/en\/#organization\"},\"potentialAction\":[{\"@type\":\"SearchAction\",\"target\":{\"@type\":\"EntryPoint\",\"urlTemplate\":\"https:\/\/manoirdeperce.com\/en\/?s={search_term_string}\"},\"query-input\":{\"@type\":\"PropertyValueSpecification\",\"valueRequired\":true,\"valueName\":\"search_term_string\"}}],\"inLanguage\":\"en-US\"},{\"@type\":\"Organization\",\"@id\":\"https:\/\/manoirdeperce.com\/en\/#organization\",\"name\":\"Manoir de perc\u00e9\",\"url\":\"https:\/\/manoirdeperce.com\/en\/\",\"logo\":{\"@type\":\"ImageObject\",\"inLanguage\":\"en-US\",\"@id\":\"https:\/\/manoirdeperce.com\/en\/#\/schema\/logo\/image\/\",\"url\":\"https:\/\/manoirdeperce.com\/wp-content\/uploads\/2022\/02\/cropped-unnamed.png\",\"contentUrl\":\"https:\/\/manoirdeperce.com\/wp-content\/uploads\/2022\/02\/cropped-unnamed.png\",\"width\":1276,\"height\":1152,\"caption\":\"Manoir de perc\u00e9\"},\"image\":{\"@id\":\"https:\/\/manoirdeperce.com\/en\/#\/schema\/logo\/image\/\"}}]}<\/script>\n<!-- \/ Yoast SEO plugin. -->","yoast_head_json":{"title":"Contest - Manoir de perc\u00e9","robots":{"index":"index","follow":"follow","max-snippet":"max-snippet:-1","max-image-preview":"max-image-preview:large","max-video-preview":"max-video-preview:-1"},"canonical":"https:\/\/manoirdeperce.com\/en\/contest\/","og_locale":"en_US","og_type":"article","og_title":"Contest - Manoir de perc\u00e9","og_description":"What you could win A 200$ gift card to spend at Manoir de Perc\u00e9. Participate How to participate? Send us your best picture at Manoir de Perc\u00e9. Check the rules of the contest Send us your picture!","og_url":"https:\/\/manoirdeperce.com\/en\/contest\/","og_site_name":"Manoir de perc\u00e9","article_modified_time":"2022-04-20T14:08:43+00:00","og_image":[{"url":"https:\/\/manoirdeperce.com\/wp-content\/uploads\/2022\/04\/contest222.jpg","type":"","width":"","height":""}],"twitter_card":"summary_large_image","twitter_misc":{"Est. reading time":"2 minutes"},"schema":{"@context":"https:\/\/schema.org","@graph":[{"@type":"WebPage","@id":"https:\/\/manoirdeperce.com\/en\/contest\/","url":"https:\/\/manoirdeperce.com\/en\/contest\/","name":"Contest - Manoir de perc\u00e9","isPartOf":{"@id":"https:\/\/manoirdeperce.com\/en\/#website"},"primaryImageOfPage":{"@id":"https:\/\/manoirdeperce.com\/en\/contest\/#primaryimage"},"image":{"@id":"https:\/\/manoirdeperce.com\/en\/contest\/#primaryimage"},"thumbnailUrl":"https:\/\/manoirdeperce.com\/wp-content\/uploads\/2022\/04\/contest222.jpg","datePublished":"2022-04-18T15:39:06+00:00","dateModified":"2022-04-20T14:08:43+00:00","breadcrumb":{"@id":"https:\/\/manoirdeperce.com\/en\/contest\/#breadcrumb"},"inLanguage":"en-US","potentialAction":[{"@type":"ReadAction","target":["https:\/\/manoirdeperce.com\/en\/contest\/"]}]},{"@type":"ImageObject","inLanguage":"en-US","@id":"https:\/\/manoirdeperce.com\/en\/contest\/#primaryimage","url":"https:\/\/manoirdeperce.com\/wp-content\/uploads\/2022\/04\/contest222.jpg","contentUrl":"https:\/\/manoirdeperce.com\/wp-content\/uploads\/2022\/04\/contest222.jpg"},{"@type":"BreadcrumbList","@id":"https:\/\/manoirdeperce.com\/en\/contest\/#breadcrumb","itemListElement":[{"@type":"ListItem","position":1,"name":"Accueil","item":"https:\/\/manoirdeperce.com\/en\/"},{"@type":"ListItem","position":2,"name":"Contest"}]},{"@type":"WebSite","@id":"https:\/\/manoirdeperce.com\/en\/#website","url":"https:\/\/manoirdeperce.com\/en\/","name":"Manoir de perc\u00e9","description":"Vous serez charm\u00e9s par l\u2019accueil de ses chaleureux propri\u00e9taires","publisher":{"@id":"https:\/\/manoirdeperce.com\/en\/#organization"},"potentialAction":[{"@type":"SearchAction","target":{"@type":"EntryPoint","urlTemplate":"https:\/\/manoirdeperce.com\/en\/?s={search_term_string}"},"query-input":{"@type":"PropertyValueSpecification","valueRequired":true,"valueName":"search_term_string"}}],"inLanguage":"en-US"},{"@type":"Organization","@id":"https:\/\/manoirdeperce.com\/en\/#organization","name":"Manoir de perc\u00e9","url":"https:\/\/manoirdeperce.com\/en\/","logo":{"@type":"ImageObject","inLanguage":"en-US","@id":"https:\/\/manoirdeperce.com\/en\/#\/schema\/logo\/image\/","url":"https:\/\/manoirdeperce.com\/wp-content\/uploads\/2022\/02\/cropped-unnamed.png","contentUrl":"https:\/\/manoirdeperce.com\/wp-content\/uploads\/2022\/02\/cropped-unnamed.png","width":1276,"height":1152,"caption":"Manoir de perc\u00e9"},"image":{"@id":"https:\/\/manoirdeperce.com\/en\/#\/schema\/logo\/image\/"}}]}},"_links":{"self":[{"href":"https:\/\/manoirdeperce.com\/en\/wp-json\/wp\/v2\/pages\/2905","targetHints":{"allow":["GET"]}}],"collection":[{"href":"https:\/\/manoirdeperce.com\/en\/wp-json\/wp\/v2\/pages"}],"about":[{"href":"https:\/\/manoirdeperce.com\/en\/wp-json\/wp\/v2\/types\/page"}],"author":[{"embeddable":true,"href":"https:\/\/manoirdeperce.com\/en\/wp-json\/wp\/v2\/users\/1"}],"replies":[{"embeddable":true,"href":"https:\/\/manoirdeperce.com\/en\/wp-json\/wp\/v2\/comments?post=2905"}],"version-history":[{"count":0,"href":"https:\/\/manoirdeperce.com\/en\/wp-json\/wp\/v2\/pages\/2905\/revisions"}],"wp:attachment":[{"href":"https:\/\/manoirdeperce.com\/en\/wp-json\/wp\/v2\/media?parent=2905"}],"curies":[{"name":"wp","href":"https:\/\/api.w.org\/{rel}","templated":true}]}}