{"id":2907,"date":"2022-04-18T11:40:25","date_gmt":"2022-04-18T15:40:25","guid":{"rendered":"https:\/\/manoirdeperce.com\/contest-rules\/"},"modified":"2023-01-20T08:33:25","modified_gmt":"2023-01-20T13:33:25","slug":"contest-rules","status":"publish","type":"page","link":"https:\/\/manoirdeperce.com\/en\/contest-rules\/","title":{"rendered":"Contest rules"},"content":{"rendered":"\t\t<div data-elementor-type=\"wp-page\" data-elementor-id=\"2907\" class=\"elementor elementor-2907 elementor-2880\" data-elementor-post-type=\"page\">\n\t\t\t\t\t\t<section class=\"has_eae_slider elementor-section elementor-top-section elementor-element elementor-element-7e336493 elementor-section-height-min-height elementor-section-content-middle elementor-section-boxed elementor-section-height-default elementor-section-items-middle\" data-eae-slider=\"73825\" data-id=\"7e336493\" data-element_type=\"section\" data-settings=\"{&quot;background_background&quot;:&quot;classic&quot;,&quot;shape_divider_bottom&quot;:&quot;triangle&quot;}\">\n\t\t\t\t\t\t\t<div class=\"elementor-background-overlay\"><\/div>\n\t\t\t\t\t\t<div class=\"elementor-shape elementor-shape-bottom\" aria-hidden=\"true\" data-negative=\"false\">\n\t\t\t<svg xmlns=\"http:\/\/www.w3.org\/2000\/svg\" viewBox=\"0 0 1000 100\" preserveAspectRatio=\"none\">\n\t<path class=\"elementor-shape-fill\" d=\"M500,98.9L0,6.1V0h1000v6.1L500,98.9z\"\/>\n<\/svg>\t\t<\/div>\n\t\t\t\t\t<div class=\"elementor-container elementor-column-gap-extended\">\n\t\t\t\t\t<div class=\"has_eae_slider elementor-column elementor-col-16 elementor-top-column elementor-element elementor-element-61dae705\" data-eae-slider=\"60124\" data-id=\"61dae705\" data-element_type=\"column\">\n\t\t\t<div class=\"elementor-widget-wrap\">\n\t\t\t\t\t\t\t<\/div>\n\t\t<\/div>\n\t\t\t\t<div class=\"has_eae_slider elementor-column elementor-col-66 elementor-top-column elementor-element elementor-element-3c13b28f\" data-eae-slider=\"50151\" data-id=\"3c13b28f\" data-element_type=\"column\">\n\t\t\t<div class=\"elementor-widget-wrap elementor-element-populated\">\n\t\t\t\t\t\t<div class=\"elementor-element elementor-element-a2fcf4c elementor-widget elementor-widget-image\" data-id=\"a2fcf4c\" data-element_type=\"widget\" data-widget_type=\"image.default\">\n\t\t\t\t<div class=\"elementor-widget-container\">\n\t\t\t\t\t\t\t\t\t\t\t\t\t\t\t<img decoding=\"async\" width=\"200\" height=\"35\" src=\"https:\/\/manoirdeperce.com\/wp-content\/uploads\/2021\/03\/divider-free-img-1.png\" class=\"attachment-full size-full wp-image-1955\" alt=\"\" \/>\t\t\t\t\t\t\t\t\t\t\t\t\t\t\t<\/div>\n\t\t\t\t<\/div>\n\t\t\t\t<div class=\"elementor-element elementor-element-4a47291c elementor-invisible elementor-widget elementor-widget-heading\" data-id=\"4a47291c\" data-element_type=\"widget\" data-settings=\"{&quot;_animation&quot;:&quot;fadeInUp&quot;,&quot;_animation_delay&quot;:200}\" data-widget_type=\"heading.default\">\n\t\t\t\t<div class=\"elementor-widget-container\">\n\t\t\t\t\t<h1 class=\"elementor-heading-title elementor-size-default\">Contest rules\n<\/h1>\t\t\t\t<\/div>\n\t\t\t\t<\/div>\n\t\t\t\t\t<\/div>\n\t\t<\/div>\n\t\t\t\t<div class=\"has_eae_slider elementor-column elementor-col-16 elementor-top-column elementor-element elementor-element-22ae3a9f\" data-eae-slider=\"23929\" data-id=\"22ae3a9f\" data-element_type=\"column\">\n\t\t\t<div class=\"elementor-widget-wrap\">\n\t\t\t\t\t\t\t<\/div>\n\t\t<\/div>\n\t\t\t\t\t<\/div>\n\t\t<\/section>\n\t\t\t\t<section class=\"has_eae_slider elementor-section elementor-top-section elementor-element elementor-element-711f1322 elementor-section-content-middle elementor-section-boxed elementor-section-height-default elementor-section-height-default\" data-eae-slider=\"90597\" data-id=\"711f1322\" data-element_type=\"section\" data-settings=\"{&quot;background_background&quot;:&quot;classic&quot;}\">\n\t\t\t\t\t\t<div class=\"elementor-container elementor-column-gap-default\">\n\t\t\t\t\t<div class=\"has_eae_slider elementor-column elementor-col-100 elementor-top-column elementor-element elementor-element-6a180788\" data-eae-slider=\"85042\" data-id=\"6a180788\" data-element_type=\"column\">\n\t\t\t<div class=\"elementor-widget-wrap elementor-element-populated\">\n\t\t\t\t\t\t<div class=\"elementor-element elementor-element-2ec5f02a elementor-widget elementor-widget-image\" data-id=\"2ec5f02a\" data-element_type=\"widget\" data-widget_type=\"image.default\">\n\t\t\t\t<div class=\"elementor-widget-container\">\n\t\t\t\t\t\t\t\t\t\t\t\t\t\t\t<img decoding=\"async\" width=\"200\" height=\"35\" src=\"https:\/\/manoirdeperce.com\/wp-content\/uploads\/2021\/03\/divider-free-img-1.png\" class=\"attachment-full size-full wp-image-1955\" alt=\"\" \/>\t\t\t\t\t\t\t\t\t\t\t\t\t\t\t<\/div>\n\t\t\t\t<\/div>\n\t\t\t\t<div class=\"elementor-element elementor-element-ddd7f2c elementor-widget elementor-widget-text-editor\" data-id=\"ddd7f2c\" data-element_type=\"widget\" data-widget_type=\"text-editor.default\">\n\t\t\t\t<div class=\"elementor-widget-container\">\n\t\t\t\t\t\t\t\t\t<p>1. Here are the conditions to participate in the draws: <\/p>\n<ul>\n<li>Le concours est r\u00e9serv\u00e9 aux r\u00e9sidents canadiens \u00e2g\u00e9s de 12 ans et plus au moment du tirage, soit le 19 ao\u00fbt 2022 \u00e0 13:00. <\/li>\n<li>Le gagnant doit r\u00e9sider au Canada au moment du tirage, soit le 19 ao\u00fbt 2022 \u00e0 13:00. <\/li>\n<\/ul>\n<p>2. Les endroits o\u00f9 le public doit d\u00e9poser ou faire parvenir les bulletins de participation au concours :<\/p>\n<ul>\n<li>Faire un achat sur la boutique en ligne de Malades de P\u00eache et partager la publication Facebook du concours. Vous obtenez une participation par achat une fois la publication Facebook du concours partag\u00e9e. <\/li>\n<li>Achetez un leurre Malades de P\u00eache chez l\u2019un de nos 35 d\u00e9taillants au Canada. Inscrivez votre nom et num\u00e9ro de t\u00e9l\u00e9phone au dos de votre facture contenant un leurre Malades de P\u00eache et ins\u00e9rez-la dans la boite pr\u00e9vue \u00e0 cet effet. Une participation est obtenue par preuve d\u2019achat conforme d\u00e9pos\u00e9e dans la boite de participation. V\u00e9rifiez aupr\u00e8s de votre d\u00e9taillant le plus pr\u00eat, certains d\u00e9taillants pourraient ne pas prendre part au concours. <\/li>\n<\/ul>\n<p>3. La date et l\u2019heure limite de participation au concours :<\/p>\n<ul>\n<li>Pour participer au concours <strong>Un Concours de Malades de P\u00eache<\/strong>, vous devez effectuer au minimum un achat sur notre boutique en ligne ou chez l\u2019un de nos d\u00e9taillants entre le 10 janvier 2022 \u00e0 00:01 et le 31 juillet 2022 \u00e0 23:59. <\/li>\n<\/ul>\n<p>4. La description de la m\u00e9thode d\u2019attribution des prix : <\/p>\n<ul>\n<li>La valeur totale des prix est de <strong>10 000 $<\/strong><\/li>\n<li>2 gagnants se partageront chacun un prix d\u2019une valeur de <strong>5000 $<\/strong> en leurre Malades de P\u00eache \u00e0 raison de 500 $ de leurres par ann\u00e9e pendant 10 ans. <\/li>\n<li>1 gagnant sera choisi parmi les gens ayant fait au moins un achat sur la boutique en ligne des Malades de P\u00eache et ayant partag\u00e9 la publication Facebook du concours. Un deuxi\u00e8me gagnant sera choisi parmi les clients ayant soumis une preuve d\u2019achat chez un de nos d\u00e9taillants participants. <\/li>\n<li>Chaque ann\u00e9e, pendant 10 ans, les gagnants pourront choisir parmi tous les leurres portant la marque Malades de P\u00eache, ceux qu\u2019ils d\u00e9sirent obtenir. <\/li>\n<\/ul>\n<p>5. Le lieu, la date et l\u2019heure pr\u00e9cise de la d\u00e9signation du gagnant du prix :<\/p>\n<ul>\n<li>Le tirage aura lieu au 1172 rue Roy \u00e0 Normandin le vendredi 19 ao\u00fbt 2022 \u00e0 13:00. <\/li>\n<li>Le tirage sera fait en live diffus\u00e9 simultan\u00e9ment sur la page Facebook, le groupe Facebook et la chaine Youtube de Malades de P\u00eache. <\/li>\n<\/ul>\n<p>6. La mention du m\u00e9dia utilis\u00e9 pour aviser les gagnants du prix : <\/p>\n<ul>\n<li>Les gagnants seront annonc\u00e9s lors de notre live le 19 ao\u00fbt 2022 \u00e0 13 h et leur nom sera publi\u00e9 sur notre page Facebook. Les r\u00e9sultats du concours seront aussi envoy\u00e9s aux abonn\u00e9s de notre infolettre au moment du tirage. <\/li>\n<\/ul>\n<p>7. L\u2019endroit, la date et l\u2019heure limite o\u00f9 les prix doivent \u00eatre r\u00e9clam\u00e9s ou, selon le cas, le fait que les prix sont exp\u00e9di\u00e9s aux gagnants : <\/p>\n<ul>\n<li>Les gagnants pourront r\u00e9clamer leur prix en tout temps, directement sur notre boutique en ligne au https:\/\/maladesdepeche.com entre le 1er janvier et le 31 d\u00e9cembre de chaque ann\u00e9e pour laquelle ils seront \u00e9ligibles \u00e0 obtenir les 500 $ de leurre Malades de P\u00eache. Un code promo offrant 500 $ de rabais leur sera fourni chaque ann\u00e9e pendant la p\u00e9riode de 10 ans. <\/li>\n<\/ul>\n<p>8. La mention que, dans tous les cas, doivent \u00eatre au moins exclues les personnes suivantes : <\/p>\n<ul>\n<li>Toutes les personnes b\u00e9n\u00e9ficiant du concours, incluant nos d\u00e9taillants, leurs employ\u00e9s les employ\u00e9s de Malades de P\u00eache et nos repr\u00e9sentants, nos agents, les membres du jury et les personnes avec qui ils sont domicili\u00e9s.<\/li>\n<\/ul>\n<p>9. La mention du texte suivant :<\/p>\n<ul>\n<li>\u00abUn diff\u00e9rend quant \u00e0 l\u2019organisation ou \u00e0 la conduite d\u2019un concours publicitaire peut \u00eatre soumis \u00e0 la R\u00e9gie des alcools, des courses et des jeux afin qu\u2019il soit tranch\u00e9. Un diff\u00e9rend quant \u00e0 l\u2019attribution d\u2019un prix peut \u00eatre soumis \u00e0 la R\u00e9gie uniquement aux fins d\u2019une intervention pour tenter de le r\u00e9gler.\u00bb;<\/li>\n<\/ul>\n<p>10. La nature de l\u2019\u00e9preuve \u00e0 laquelle doit se soumettre un gagnant pour obtenir son prix<\/p>\n<ul>\n<li>Les gagnants devront r\u00e9pondre \u00e0 une question de math\u00e9matique afin d\u2019obtenir leur prix. <\/li>\n<\/ul>\n<p class=\"has-text-align-justify\"><strong>Ce concours est enregistr\u00e9 au pr\u00eat de la r\u00e9gie des alcools, des courses et des jeux.<\/strong><\/p>\n\t\t\t\t\t\t\t\t<\/div>\n\t\t\t\t<\/div>\n\t\t\t\t\t<\/div>\n\t\t<\/div>\n\t\t\t\t\t<\/div>\n\t\t<\/section>\n\t\t\t\t<\/div>\n\t\t","protected":false},"excerpt":{"rendered":"<p>Contest rules 1. Here are the conditions to participate in the draws: Le concours est r\u00e9serv\u00e9 aux r\u00e9sidents canadiens \u00e2g\u00e9s de 12 ans et plus au moment du tirage, soit le 19 ao\u00fbt 2022 \u00e0 13:00. Le gagnant doit r\u00e9sider au Canada au moment du tirage, soit le 19 ao\u00fbt 2022 \u00e0 13:00. 2. Les &hellip;<\/p>\n<p class=\"read-more\"> <a class=\"\" href=\"https:\/\/manoirdeperce.com\/en\/contest-rules\/\"> <span class=\"screen-reader-text\">Contest rules<\/span> Read More &raquo;<\/a><\/p>\n","protected":false},"author":1,"featured_media":0,"parent":0,"menu_order":0,"comment_status":"closed","ping_status":"closed","template":"","meta":{"site-sidebar-layout":"no-sidebar","site-content-layout":"page-builder","ast-global-header-display":"","ast-main-header-display":"","ast-hfb-above-header-display":"","ast-hfb-below-header-display":"","ast-hfb-mobile-header-display":"","site-post-title":"disabled","ast-breadcrumbs-content":"","ast-featured-img":"disabled","footer-sml-layout":"","theme-transparent-header-meta":"","adv-header-id-meta":"","stick-header-meta":"","header-above-stick-meta":"","header-main-stick-meta":"","header-below-stick-meta":"","footnotes":""},"class_list":["post-2907","page","type-page","status-publish","hentry"],"yoast_head":"<!-- This site is optimized with the Yoast SEO plugin v25.4 - https:\/\/yoast.com\/wordpress\/plugins\/seo\/ -->\n<title>Contest rules - Manoir de perc\u00e9<\/title>\n<meta name=\"robots\" content=\"index, follow, max-snippet:-1, max-image-preview:large, max-video-preview:-1\" \/>\n<link rel=\"canonical\" href=\"https:\/\/manoirdeperce.com\/en\/contest-rules\/\" \/>\n<meta property=\"og:locale\" content=\"en_US\" \/>\n<meta property=\"og:type\" content=\"article\" \/>\n<meta property=\"og:title\" content=\"Contest rules - Manoir de perc\u00e9\" \/>\n<meta property=\"og:description\" content=\"Contest rules 1. Here are the conditions to participate in the draws: Le concours est r\u00e9serv\u00e9 aux r\u00e9sidents canadiens \u00e2g\u00e9s de 12 ans et plus au moment du tirage, soit le 19 ao\u00fbt 2022 \u00e0 13:00. Le gagnant doit r\u00e9sider au Canada au moment du tirage, soit le 19 ao\u00fbt 2022 \u00e0 13:00. 2. Les &hellip; Contest rules Read More &raquo;\" \/>\n<meta property=\"og:url\" content=\"https:\/\/manoirdeperce.com\/en\/contest-rules\/\" \/>\n<meta property=\"og:site_name\" content=\"Manoir de perc\u00e9\" \/>\n<meta property=\"article:modified_time\" content=\"2023-01-20T13:33:25+00:00\" \/>\n<meta property=\"og:image\" content=\"https:\/\/manoirdeperce.com\/wp-content\/uploads\/2021\/03\/divider-free-img-1.png\" \/>\n<meta name=\"twitter:card\" content=\"summary_large_image\" \/>\n<meta name=\"twitter:label1\" content=\"Est. reading time\" \/>\n\t<meta name=\"twitter:data1\" content=\"4 minutes\" \/>\n<script type=\"application\/ld+json\" class=\"yoast-schema-graph\">{\"@context\":\"https:\/\/schema.org\",\"@graph\":[{\"@type\":\"WebPage\",\"@id\":\"https:\/\/manoirdeperce.com\/en\/contest-rules\/\",\"url\":\"https:\/\/manoirdeperce.com\/en\/contest-rules\/\",\"name\":\"Contest rules - Manoir de perc\u00e9\",\"isPartOf\":{\"@id\":\"https:\/\/manoirdeperce.com\/en\/#website\"},\"primaryImageOfPage\":{\"@id\":\"https:\/\/manoirdeperce.com\/en\/contest-rules\/#primaryimage\"},\"image\":{\"@id\":\"https:\/\/manoirdeperce.com\/en\/contest-rules\/#primaryimage\"},\"thumbnailUrl\":\"https:\/\/manoirdeperce.com\/wp-content\/uploads\/2021\/03\/divider-free-img-1.png\",\"datePublished\":\"2022-04-18T15:40:25+00:00\",\"dateModified\":\"2023-01-20T13:33:25+00:00\",\"breadcrumb\":{\"@id\":\"https:\/\/manoirdeperce.com\/en\/contest-rules\/#breadcrumb\"},\"inLanguage\":\"en-US\",\"potentialAction\":[{\"@type\":\"ReadAction\",\"target\":[\"https:\/\/manoirdeperce.com\/en\/contest-rules\/\"]}]},{\"@type\":\"ImageObject\",\"inLanguage\":\"en-US\",\"@id\":\"https:\/\/manoirdeperce.com\/en\/contest-rules\/#primaryimage\",\"url\":\"https:\/\/manoirdeperce.com\/wp-content\/uploads\/2021\/03\/divider-free-img-1.png\",\"contentUrl\":\"https:\/\/manoirdeperce.com\/wp-content\/uploads\/2021\/03\/divider-free-img-1.png\"},{\"@type\":\"BreadcrumbList\",\"@id\":\"https:\/\/manoirdeperce.com\/en\/contest-rules\/#breadcrumb\",\"itemListElement\":[{\"@type\":\"ListItem\",\"position\":1,\"name\":\"Accueil\",\"item\":\"https:\/\/manoirdeperce.com\/en\/\"},{\"@type\":\"ListItem\",\"position\":2,\"name\":\"Contest rules\"}]},{\"@type\":\"WebSite\",\"@id\":\"https:\/\/manoirdeperce.com\/en\/#website\",\"url\":\"https:\/\/manoirdeperce.com\/en\/\",\"name\":\"Manoir de perc\u00e9\",\"description\":\"Vous serez charm\u00e9s par l\u2019accueil de ses chaleureux propri\u00e9taires\",\"publisher\":{\"@id\":\"https:\/\/manoirdeperce.com\/en\/#organization\"},\"potentialAction\":[{\"@type\":\"SearchAction\",\"target\":{\"@type\":\"EntryPoint\",\"urlTemplate\":\"https:\/\/manoirdeperce.com\/en\/?s={search_term_string}\"},\"query-input\":{\"@type\":\"PropertyValueSpecification\",\"valueRequired\":true,\"valueName\":\"search_term_string\"}}],\"inLanguage\":\"en-US\"},{\"@type\":\"Organization\",\"@id\":\"https:\/\/manoirdeperce.com\/en\/#organization\",\"name\":\"Manoir de perc\u00e9\",\"url\":\"https:\/\/manoirdeperce.com\/en\/\",\"logo\":{\"@type\":\"ImageObject\",\"inLanguage\":\"en-US\",\"@id\":\"https:\/\/manoirdeperce.com\/en\/#\/schema\/logo\/image\/\",\"url\":\"https:\/\/manoirdeperce.com\/wp-content\/uploads\/2022\/02\/cropped-unnamed.png\",\"contentUrl\":\"https:\/\/manoirdeperce.com\/wp-content\/uploads\/2022\/02\/cropped-unnamed.png\",\"width\":1276,\"height\":1152,\"caption\":\"Manoir de perc\u00e9\"},\"image\":{\"@id\":\"https:\/\/manoirdeperce.com\/en\/#\/schema\/logo\/image\/\"}}]}<\/script>\n<!-- \/ Yoast SEO plugin. -->","yoast_head_json":{"title":"Contest rules - Manoir de perc\u00e9","robots":{"index":"index","follow":"follow","max-snippet":"max-snippet:-1","max-image-preview":"max-image-preview:large","max-video-preview":"max-video-preview:-1"},"canonical":"https:\/\/manoirdeperce.com\/en\/contest-rules\/","og_locale":"en_US","og_type":"article","og_title":"Contest rules - Manoir de perc\u00e9","og_description":"Contest rules 1. Here are the conditions to participate in the draws: Le concours est r\u00e9serv\u00e9 aux r\u00e9sidents canadiens \u00e2g\u00e9s de 12 ans et plus au moment du tirage, soit le 19 ao\u00fbt 2022 \u00e0 13:00. Le gagnant doit r\u00e9sider au Canada au moment du tirage, soit le 19 ao\u00fbt 2022 \u00e0 13:00. 2. Les &hellip; Contest rules Read More &raquo;","og_url":"https:\/\/manoirdeperce.com\/en\/contest-rules\/","og_site_name":"Manoir de perc\u00e9","article_modified_time":"2023-01-20T13:33:25+00:00","og_image":[{"url":"https:\/\/manoirdeperce.com\/wp-content\/uploads\/2021\/03\/divider-free-img-1.png","type":"","width":"","height":""}],"twitter_card":"summary_large_image","twitter_misc":{"Est. reading time":"4 minutes"},"schema":{"@context":"https:\/\/schema.org","@graph":[{"@type":"WebPage","@id":"https:\/\/manoirdeperce.com\/en\/contest-rules\/","url":"https:\/\/manoirdeperce.com\/en\/contest-rules\/","name":"Contest rules - Manoir de perc\u00e9","isPartOf":{"@id":"https:\/\/manoirdeperce.com\/en\/#website"},"primaryImageOfPage":{"@id":"https:\/\/manoirdeperce.com\/en\/contest-rules\/#primaryimage"},"image":{"@id":"https:\/\/manoirdeperce.com\/en\/contest-rules\/#primaryimage"},"thumbnailUrl":"https:\/\/manoirdeperce.com\/wp-content\/uploads\/2021\/03\/divider-free-img-1.png","datePublished":"2022-04-18T15:40:25+00:00","dateModified":"2023-01-20T13:33:25+00:00","breadcrumb":{"@id":"https:\/\/manoirdeperce.com\/en\/contest-rules\/#breadcrumb"},"inLanguage":"en-US","potentialAction":[{"@type":"ReadAction","target":["https:\/\/manoirdeperce.com\/en\/contest-rules\/"]}]},{"@type":"ImageObject","inLanguage":"en-US","@id":"https:\/\/manoirdeperce.com\/en\/contest-rules\/#primaryimage","url":"https:\/\/manoirdeperce.com\/wp-content\/uploads\/2021\/03\/divider-free-img-1.png","contentUrl":"https:\/\/manoirdeperce.com\/wp-content\/uploads\/2021\/03\/divider-free-img-1.png"},{"@type":"BreadcrumbList","@id":"https:\/\/manoirdeperce.com\/en\/contest-rules\/#breadcrumb","itemListElement":[{"@type":"ListItem","position":1,"name":"Accueil","item":"https:\/\/manoirdeperce.com\/en\/"},{"@type":"ListItem","position":2,"name":"Contest rules"}]},{"@type":"WebSite","@id":"https:\/\/manoirdeperce.com\/en\/#website","url":"https:\/\/manoirdeperce.com\/en\/","name":"Manoir de perc\u00e9","description":"Vous serez charm\u00e9s par l\u2019accueil de ses chaleureux propri\u00e9taires","publisher":{"@id":"https:\/\/manoirdeperce.com\/en\/#organization"},"potentialAction":[{"@type":"SearchAction","target":{"@type":"EntryPoint","urlTemplate":"https:\/\/manoirdeperce.com\/en\/?s={search_term_string}"},"query-input":{"@type":"PropertyValueSpecification","valueRequired":true,"valueName":"search_term_string"}}],"inLanguage":"en-US"},{"@type":"Organization","@id":"https:\/\/manoirdeperce.com\/en\/#organization","name":"Manoir de perc\u00e9","url":"https:\/\/manoirdeperce.com\/en\/","logo":{"@type":"ImageObject","inLanguage":"en-US","@id":"https:\/\/manoirdeperce.com\/en\/#\/schema\/logo\/image\/","url":"https:\/\/manoirdeperce.com\/wp-content\/uploads\/2022\/02\/cropped-unnamed.png","contentUrl":"https:\/\/manoirdeperce.com\/wp-content\/uploads\/2022\/02\/cropped-unnamed.png","width":1276,"height":1152,"caption":"Manoir de perc\u00e9"},"image":{"@id":"https:\/\/manoirdeperce.com\/en\/#\/schema\/logo\/image\/"}}]}},"_links":{"self":[{"href":"https:\/\/manoirdeperce.com\/en\/wp-json\/wp\/v2\/pages\/2907","targetHints":{"allow":["GET"]}}],"collection":[{"href":"https:\/\/manoirdeperce.com\/en\/wp-json\/wp\/v2\/pages"}],"about":[{"href":"https:\/\/manoirdeperce.com\/en\/wp-json\/wp\/v2\/types\/page"}],"author":[{"embeddable":true,"href":"https:\/\/manoirdeperce.com\/en\/wp-json\/wp\/v2\/users\/1"}],"replies":[{"embeddable":true,"href":"https:\/\/manoirdeperce.com\/en\/wp-json\/wp\/v2\/comments?post=2907"}],"version-history":[{"count":0,"href":"https:\/\/manoirdeperce.com\/en\/wp-json\/wp\/v2\/pages\/2907\/revisions"}],"wp:attachment":[{"href":"https:\/\/manoirdeperce.com\/en\/wp-json\/wp\/v2\/media?parent=2907"}],"curies":[{"name":"wp","href":"https:\/\/api.w.org\/{rel}","templated":true}]}}